{"id":1505,"date":"2019-05-06T10:53:53","date_gmt":"2019-05-06T08:53:53","guid":{"rendered":"https:\/\/www.splendipelle.it\/?page_id=1505"},"modified":"2023-11-14T17:14:04","modified_gmt":"2023-11-14T16:14:04","slug":"privacy-policy-2","status":"publish","type":"page","link":"https:\/\/www.splendipelle.it\/?page_id=1505","title":{"rendered":"PRIVACY POLICY"},"content":{"rendered":"\n<p><\/p>\n\n\n\n<h2 class=\"wp-block-heading\">PR<strong>IVA<\/strong>CY POLICY<\/h2>\n\n\n\n<p><em><strong>Titolare del trattamento dei dati<\/strong><\/em><\/p>\n\n\n\n<p>Il Titolare del trattamento dei dati personali \u00e8 Fenice S.p.A., con sede legale in Via del Lavoro, 1 a Valdagno (36078, VI), P. IVA: IT00688890243. In caso di necessit\u00e0 prego contattarci all\u2019indirizzo email <a href=\"mailto:info@fenice.care\">info@fenice.care<\/a> oppure chiamare il nr. +39 0445 425500.<\/p>\n\n\n\n<p><em><strong>Tipologie di dati raccolti<\/strong><\/em><\/p>\n\n\n\n<p>Fra i dati personali raccolti da Fenice S.p.A., in modo autonomo o tramite terze parti, ci sono:<\/p>\n\n\n\n<ul class=\"wp-block-list\"><li>dati di contatto inclusi nome, e-mail, numero di telefono, indirizzo di spedizione e indirizzo di fatturazione;<\/li><li>informazioni di accesso e di account, inclusi nome utente e ID utente univoco;<\/li><li>informazioni sulle modalit\u00e0 di pagamento o sulla carta di credito;<\/li><li>settore di attivit\u00e0;<\/li><li>sito web e dati di utilizzo.<\/li><\/ul>\n\n\n\n<p>I dati personali possono essere liberamente forniti dall&#8217;utente o, nel caso di dati di utilizzo, raccolti automaticamente durante l&#8217;uso del sito di Fenice S.p.A. Se non diversamente specificato, tutti i dati richiesti da Fenice S.p.A.  sono obbligatori. Se l\u2019utente rifiuta di comunicarli, potrebbe essere impossibile per Fenice S.p.A. fornire il servizio. Nei casi in cui Fenice S.p.A. indichi alcuni dati come facoltativi, gli utenti sono liberi di astenersi dal comunicare tali dati, senza che ci\u00f2 abbia alcuna conseguenza sulla disponibilit\u00e0 del servizio o sulla sua operativit\u00e0. Gli utenti che dovessero avere dubbi su quali dati siano obbligatori, sono incoraggiati a contattare il Titolare.<\/p>\n\n\n\n<p>L\u2019eventuale utilizzo di cookies &#8211; o di altri strumenti di tracciamento &#8211; da parte di Fenice S.p.A. o dei titolari dei servizi terzi utilizzati da Fenice S.p.A., ove non diversamente precisato, ha la finalit\u00e0 di fornire il servizio richiesto dall&#8217;utente, oltre alle ulteriori finalit\u00e0 descritte nel presente documento e nella Cookies Policy.<\/p>\n\n\n\n<p>L&#8217;utente si assume la responsabilit\u00e0 dei dati personali di terzi ottenuti, pubblicati o condivisi mediante Fenice S.p.A. e garantisce di avere il diritto di comunicarli o diffonderli, liberando il Titolare da qualsiasi responsabilit\u00e0 verso terzi.<\/p>\n\n\n\n<p><em><strong>Modalit\u00e0 di trattamento<\/strong><\/em><\/p>\n\n\n\n<p>Il Titolare adotta le opportune misure di sicurezza volte ad impedire l\u2019accesso, la divulgazione, la modifica o la distruzione non autorizzate dei dati personali. Il trattamento viene effettuato mediante strumenti informatici e\/o telematici, con modalit\u00e0 organizzative e con logiche strettamente correlate alle finalit\u00e0 indicate. Oltre al Titolare, in alcuni casi, potrebbero avere accesso ai dati altri soggetti coinvolti nell\u2019organizzazione di Fenice S.p.A.  (personale amministrativo, commerciale, marketing, legali, amministratori di sistema) ovvero soggetti esterni (come fornitori di servizi tecnici terzi, corrieri postali, hosting provider, societ\u00e0 informatiche, agenzie di comunicazione) nominati anche, se necessario, responsabili del trattamento da parte del Titolare. L\u2019elenco aggiornato dei responsabili potr\u00e0 sempre essere richiesto al Titolare del trattamento.<\/p>\n\n\n\n<p><em><strong>Base giuridica del trattamento<\/strong><\/em><\/p>\n\n\n\n<p>Il Titolare tratta dati personali relativi all\u2019utente in caso sussista una delle seguenti condizioni:<\/p>\n\n\n\n<ul class=\"wp-block-list\"><li>l\u2019utente ha prestato il consenso per una o pi\u00f9 finalit\u00e0 specifiche;<\/li><li>il trattamento \u00e8 necessario all&#8217;esecuzione di un contratto con l\u2019utente e\/o all&#8217;esecuzione di misure precontrattuali.<\/li><\/ul>\n\n\n\n<p>\u00c8 comunque sempre possibile richiedere al Titolare di chiarire la concreta base giuridica di ciascun trattamento ed in particolare di specificare se il trattamento sia basato sulla legge, previsto da un contratto o necessario per concludere un contratto.<\/p>\n\n\n\n<p><em><strong>Luogo<\/strong><\/em><\/p>\n\n\n\n<p>I dati sono trattati presso le sedi operative di Fenice S.p.A. ed in ogni altro luogo in cui le parti coinvolte nel trattamento siano localizzate. Per ulteriori informazioni, contattare il Titolare. <\/p>\n\n\n\n<p><em><strong>Periodo di conservazione<\/strong><\/em><\/p>\n\n\n\n<p>Le segnaliamo che, nel rispetto dei principi di liceita\u0300, limitazione delle finalita\u0300 e minimizzazione dei dati, ai sensi dell\u2019art. 5 GDPR 2016\/679, i dati personali sono conservati per il periodo necessario all\u2019espletamento delle finalit\u00e0 per cui sono stati raccolti o per il periodo imposto dall\u2019assolvimento dell\u2019obbligo di legge.<\/p>\n\n\n\n<p><em><strong>Finalit\u00e0 del trattamento dei dati raccolti<\/strong><\/em><\/p>\n\n\n\n<p>I dati dell\u2019utente sono raccolti per consentire al Titolare di fornire il servizio, adempiere agli obblighi di legge, rispondere a richieste o azioni esecutive, tutelare i propri diritti ed interessi (o quelli di utenti o di terze parti), individuare eventuali attivit\u00e0 dolose o fraudolente, nonch\u00e9 per le seguenti finalit\u00e0: contattare l&#8217;utente, test di performance di contenuti e funzionalit\u00e0 (A\/B testing), heat mapping e registrazione sessioni, gestione dei tag, pubblicit\u00e0, commento dei contenuti, interazione con social network e piattaforme esterne, visualizzazione di contenuti da piattaforme esterne e statistica.<\/p>\n\n\n\n<p><em><strong>Diritto di accesso ai dati personali<\/strong><\/em><\/p>\n\n\n\n<p>In relazione ai dati oggetto del trattamento di cui alla presente informativa all\u2019interessato \u00e8 riconosciuto in qualsiasi momento il diritto di:<\/p>\n\n\n\n<ul class=\"wp-block-list\"><li>Accesso (art. 15 Regolamento UE n. 2016\/679);<\/li><li>Rettifica (art. 16 Regolamento UE n. 2016\/679);<\/li><li>Cancellazione (art. 17 Regolamento UE n. 2016\/679);<\/li><li>Limitazione (art. 18 Regolamento UE n. 2016\/679);<\/li><li>Portabilit\u00e0, intesa come diritto ad ottenere dal titolare del trattamento i dati in un formato strutturato di uso comune e leggibile da dispositivo automatico per trasmetterli ad un altro titolare del trattamento senza impedimenti (art. 20 Regolamento UE n. 2016\/679);<\/li><li>Opposizione al trattamento (art. 21Regolamento UE n. 2016\/679);<\/li><li>Revoca del consenso al trattamento, senza pregiudizio per la liceit\u00e0 del trattamento basata sul consenso acquisito prima della revoca (art. 7, par. 3 Regolamento UE n. 2016\/679);<\/li><li>Proporre reclamo all\u2019Autorit\u00e0 Garante per la Protezione dei dati personali (art. 51 Regolamento UE n. 2016\/679).<\/li><\/ul>\n\n\n\n<p>Tali diritti potranno essere esercitati con richiesta scritta inviata a Fenice S.p.A. all\u2019indirizzo postale della sede legale o all\u2019indirizzo e-mail info@fenice.care indicando come oggetto \u201cTrattamento dati privacy\u201d.<\/p>\n\n\n\n<p><em><strong>Modifiche alla presente dichiarazione<\/strong><\/em><\/p>\n\n\n\n<p>In caso di modifiche ai termini della presente dichiarazione di riservatezza dei dati, Fenice  S.p.A.  rendera\u0300 pubbliche le modifiche in questione e aggiornera\u0300 la data di revisione di questo documento.<\/p>\n\n\n\n<hr class=\"wp-block-separator\"\/>\n\n\n\n<p><em>Ultima modifica alla presente dichiarazione: Aprile 2022.<\/em><\/p>\n","protected":false},"excerpt":{"rendered":"<p>PRIVACY POLICY Titolare del trattamento dei dati Il Titolare del trattamento dei dati personali \u00e8 Fenice S.p.A., con sede legale in Via del Lavoro, 1 a Valdagno (36078, VI), P. IVA: IT00688890243. In caso di necessit\u00e0 prego contattarci all\u2019indirizzo email info@fenice.care oppure chiamare il nr. +39 0445 425500. Tipologie di dati raccolti Fra i dati [&hellip;]<\/p>\n","protected":false},"author":2,"featured_media":0,"parent":0,"menu_order":0,"comment_status":"closed","ping_status":"open","template":"","meta":{"_acf_changed":false,"footnotes":""},"class_list":["post-1505","page","type-page","status-publish","hentry"],"acf":[],"yoast_head":"<!-- This site is optimized with the Yoast SEO plugin v27.4 - https:\/\/yoast.com\/product\/yoast-seo-wordpress\/ -->\n<title>PRIVACY POLICY - Splendipelle 3 in 1<\/title>\n<meta name=\"robots\" content=\"noindex, follow\" \/>\n<meta property=\"og:locale\" content=\"it_IT\" \/>\n<meta property=\"og:type\" content=\"article\" \/>\n<meta property=\"og:title\" content=\"PRIVACY POLICY - Splendipelle 3 in 1\" \/>\n<meta property=\"og:description\" content=\"PRIVACY POLICY Titolare del trattamento dei dati Il Titolare del trattamento dei dati personali \u00e8 Fenice S.p.A., con sede legale in Via del Lavoro, 1 a Valdagno (36078, VI), P. IVA: IT00688890243. In caso di necessit\u00e0 prego contattarci all\u2019indirizzo email info@fenice.care oppure chiamare il nr. +39 0445 425500. Tipologie di dati raccolti Fra i dati [&hellip;]\" \/>\n<meta property=\"og:url\" content=\"https:\/\/www.splendipelle.it\/?page_id=1505\" \/>\n<meta property=\"og:site_name\" content=\"Splendipelle 3 in 1\" \/>\n<meta property=\"article:modified_time\" content=\"2023-11-14T16:14:04+00:00\" \/>\n<meta name=\"twitter:card\" content=\"summary_large_image\" \/>\n<meta name=\"twitter:label1\" content=\"Tempo di lettura stimato\" \/>\n\t<meta name=\"twitter:data1\" content=\"5 minuti\" \/>\n<script type=\"application\/ld+json\" class=\"yoast-schema-graph\">{\"@context\":\"https:\\\/\\\/schema.org\",\"@graph\":[{\"@type\":\"WebPage\",\"@id\":\"https:\\\/\\\/www.splendipelle.it\\\/?page_id=1505\",\"url\":\"https:\\\/\\\/www.splendipelle.it\\\/?page_id=1505\",\"name\":\"PRIVACY POLICY - Splendipelle 3 in 1\",\"isPartOf\":{\"@id\":\"https:\\\/\\\/www.splendipelle.it\\\/#website\"},\"datePublished\":\"2019-05-06T08:53:53+00:00\",\"dateModified\":\"2023-11-14T16:14:04+00:00\",\"breadcrumb\":{\"@id\":\"https:\\\/\\\/www.splendipelle.it\\\/?page_id=1505#breadcrumb\"},\"inLanguage\":\"it-IT\",\"potentialAction\":[{\"@type\":\"ReadAction\",\"target\":[\"https:\\\/\\\/www.splendipelle.it\\\/?page_id=1505\"]}]},{\"@type\":\"BreadcrumbList\",\"@id\":\"https:\\\/\\\/www.splendipelle.it\\\/?page_id=1505#breadcrumb\",\"itemListElement\":[{\"@type\":\"ListItem\",\"position\":1,\"name\":\"Home\",\"item\":\"https:\\\/\\\/www.splendipelle.it\\\/\"},{\"@type\":\"ListItem\",\"position\":2,\"name\":\"PRIVACY POLICY\"}]},{\"@type\":\"WebSite\",\"@id\":\"https:\\\/\\\/www.splendipelle.it\\\/#website\",\"url\":\"https:\\\/\\\/www.splendipelle.it\\\/\",\"name\":\"Splendipelle 3 in 1\",\"description\":\"Prodotti per pulire e proteggere gli articoli in pelle\",\"potentialAction\":[{\"@type\":\"SearchAction\",\"target\":{\"@type\":\"EntryPoint\",\"urlTemplate\":\"https:\\\/\\\/www.splendipelle.it\\\/?s={search_term_string}\"},\"query-input\":{\"@type\":\"PropertyValueSpecification\",\"valueRequired\":true,\"valueName\":\"search_term_string\"}}],\"inLanguage\":\"it-IT\"}]}<\/script>\n<!-- \/ Yoast SEO plugin. -->","yoast_head_json":{"title":"PRIVACY POLICY - Splendipelle 3 in 1","robots":{"index":"noindex","follow":"follow"},"og_locale":"it_IT","og_type":"article","og_title":"PRIVACY POLICY - Splendipelle 3 in 1","og_description":"PRIVACY POLICY Titolare del trattamento dei dati Il Titolare del trattamento dei dati personali \u00e8 Fenice S.p.A., con sede legale in Via del Lavoro, 1 a Valdagno (36078, VI), P. IVA: IT00688890243. In caso di necessit\u00e0 prego contattarci all\u2019indirizzo email info@fenice.care oppure chiamare il nr. +39 0445 425500. Tipologie di dati raccolti Fra i dati [&hellip;]","og_url":"https:\/\/www.splendipelle.it\/?page_id=1505","og_site_name":"Splendipelle 3 in 1","article_modified_time":"2023-11-14T16:14:04+00:00","twitter_card":"summary_large_image","twitter_misc":{"Tempo di lettura stimato":"5 minuti"},"schema":{"@context":"https:\/\/schema.org","@graph":[{"@type":"WebPage","@id":"https:\/\/www.splendipelle.it\/?page_id=1505","url":"https:\/\/www.splendipelle.it\/?page_id=1505","name":"PRIVACY POLICY - Splendipelle 3 in 1","isPartOf":{"@id":"https:\/\/www.splendipelle.it\/#website"},"datePublished":"2019-05-06T08:53:53+00:00","dateModified":"2023-11-14T16:14:04+00:00","breadcrumb":{"@id":"https:\/\/www.splendipelle.it\/?page_id=1505#breadcrumb"},"inLanguage":"it-IT","potentialAction":[{"@type":"ReadAction","target":["https:\/\/www.splendipelle.it\/?page_id=1505"]}]},{"@type":"BreadcrumbList","@id":"https:\/\/www.splendipelle.it\/?page_id=1505#breadcrumb","itemListElement":[{"@type":"ListItem","position":1,"name":"Home","item":"https:\/\/www.splendipelle.it\/"},{"@type":"ListItem","position":2,"name":"PRIVACY POLICY"}]},{"@type":"WebSite","@id":"https:\/\/www.splendipelle.it\/#website","url":"https:\/\/www.splendipelle.it\/","name":"Splendipelle 3 in 1","description":"Prodotti per pulire e proteggere gli articoli in pelle","potentialAction":[{"@type":"SearchAction","target":{"@type":"EntryPoint","urlTemplate":"https:\/\/www.splendipelle.it\/?s={search_term_string}"},"query-input":{"@type":"PropertyValueSpecification","valueRequired":true,"valueName":"search_term_string"}}],"inLanguage":"it-IT"}]}},"_links":{"self":[{"href":"https:\/\/www.splendipelle.it\/index.php?rest_route=\/wp\/v2\/pages\/1505","targetHints":{"allow":["GET"]}}],"collection":[{"href":"https:\/\/www.splendipelle.it\/index.php?rest_route=\/wp\/v2\/pages"}],"about":[{"href":"https:\/\/www.splendipelle.it\/index.php?rest_route=\/wp\/v2\/types\/page"}],"author":[{"embeddable":true,"href":"https:\/\/www.splendipelle.it\/index.php?rest_route=\/wp\/v2\/users\/2"}],"replies":[{"embeddable":true,"href":"https:\/\/www.splendipelle.it\/index.php?rest_route=%2Fwp%2Fv2%2Fcomments&post=1505"}],"version-history":[{"count":4,"href":"https:\/\/www.splendipelle.it\/index.php?rest_route=\/wp\/v2\/pages\/1505\/revisions"}],"predecessor-version":[{"id":1828,"href":"https:\/\/www.splendipelle.it\/index.php?rest_route=\/wp\/v2\/pages\/1505\/revisions\/1828"}],"wp:attachment":[{"href":"https:\/\/www.splendipelle.it\/index.php?rest_route=%2Fwp%2Fv2%2Fmedia&parent=1505"}],"curies":[{"name":"wp","href":"https:\/\/api.w.org\/{rel}","templated":true}]}}